{"id":507,"date":"2020-12-14T16:30:16","date_gmt":"2020-12-14T19:30:16","guid":{"rendered":"https:\/\/tobypolarpig.com\/about\/autores\/"},"modified":"2020-12-14T16:35:17","modified_gmt":"2020-12-14T19:35:17","slug":"autores","status":"publish","type":"page","link":"https:\/\/tobypolarpig.com\/es\/about\/autores\/","title":{"rendered":"Autores"},"content":{"rendered":"\n<style type=\"text\/css\" data-created_by=\"avia_inline_auto\" id=\"style-css-av-ki51dmi9-17b4583c03ccae4dbb57f412f3825f64\">\n.avia-section.av-ki51dmi9-17b4583c03ccae4dbb57f412f3825f64{\nbackground-color:#ffffff;\nbackground-image:url(https:\/\/tobypolarpig.com\/wp-content\/uploads\/2020\/12\/Paper-Texture2.jpg);\nbackground-repeat:no-repeat;\nbackground-position:50% 50%;\nbackground-attachment:fixed;\n}\n<\/style>\n<div id='books'  class='avia-section av-ki51dmi9-17b4583c03ccae4dbb57f412f3825f64 main_color avia-section-default avia-no-border-styling  avia-builder-el-0  avia-builder-el-no-sibling  avia-bg-style-fixed av-minimum-height av-minimum-height-75 av-height-75  container_wrap fullsize'  data-section-bg-repeat='no-repeat' data-av_minimum_height_pc='75' data-av_min_height_opt='75'><div class='container av-section-cont-open' ><main  role=\"main\" itemprop=\"mainContentOfPage\"  class='template-page content  av-content-full alpha units'><div class='post-entry post-entry-type-page post-entry-507'><div class='entry-content-wrapper clearfix'>\n\n<style type=\"text\/css\" data-created_by=\"avia_inline_auto\" id=\"style-css-av-3zmex-57e5d4b535bae0aa0b16856fcf5e3420\">\n.flex_column.av-3zmex-57e5d4b535bae0aa0b16856fcf5e3420{\nborder-radius:0px 0px 0px 0px;\npadding:0px 0px 0px 0px;\n}\n<\/style>\n<div  class='flex_column av-3zmex-57e5d4b535bae0aa0b16856fcf5e3420 av_one_full  avia-builder-el-1  el_before_av_one_half  avia-builder-el-first  first flex_column_div av-animated-generic av-rotateIn av-zero-column-padding  '     ><style type=\"text\/css\" data-created_by=\"avia_inline_auto\" id=\"style-css-av-av_heading-200d35d5c8a4f89203c4e84c36d8bcd5\">\n#top .av-special-heading.av-av_heading-200d35d5c8a4f89203c4e84c36d8bcd5{\npadding-bottom:10px;\nfont-size:42px;\n}\nbody .av-special-heading.av-av_heading-200d35d5c8a4f89203c4e84c36d8bcd5 .av-special-heading-tag .heading-char{\nfont-size:25px;\n}\n#top #wrap_all .av-special-heading.av-av_heading-200d35d5c8a4f89203c4e84c36d8bcd5 .av-special-heading-tag{\nfont-size:42px;\n}\n.av-special-heading.av-av_heading-200d35d5c8a4f89203c4e84c36d8bcd5 .av-subheading{\nfont-size:15px;\n}\n\n@media only screen and (min-width: 480px) and (max-width: 767px){ \n#top #wrap_all .av-special-heading.av-av_heading-200d35d5c8a4f89203c4e84c36d8bcd5 .av-special-heading-tag{\nfont-size:0.8em;\n}\n}\n\n@media only screen and (max-width: 479px){ \n#top #wrap_all .av-special-heading.av-av_heading-200d35d5c8a4f89203c4e84c36d8bcd5 .av-special-heading-tag{\nfont-size:0.8em;\n}\n}\n<\/style>\n<div  class='av-special-heading av-av_heading-200d35d5c8a4f89203c4e84c36d8bcd5 av-special-heading-h3 blockquote modern-quote modern-centered  avia-builder-el-2  avia-builder-el-no-sibling  av-inherit-size'><h3 class='av-special-heading-tag '  itemprop=\"headline\"  >Autores<\/h3><div class=\"special-heading-border\"><div class=\"special-heading-inner-border\"><\/div><\/div><\/div><\/div><div class='flex_column_table av-ki64a0rh-4d979bd3d7b819bfd1423e9b0091dee7 sc-av_one_half av-equal-height-column-flextable'>\n<style type=\"text\/css\" data-created_by=\"avia_inline_auto\" id=\"style-css-av-ki64a0rh-4d979bd3d7b819bfd1423e9b0091dee7\">\n.flex_column.av-ki64a0rh-4d979bd3d7b819bfd1423e9b0091dee7{\nborder-radius:0px 0px 0px 0px;\npadding:0px 0px 0px 0px;\n}\n<\/style>\n<div  class='flex_column av-ki64a0rh-4d979bd3d7b819bfd1423e9b0091dee7 av_one_half  avia-builder-el-3  el_after_av_one_full  el_before_av_one_half  first flex_column_table_cell av-equal-height-column av-align-middle av-zero-column-padding  column-top-margin'     ><style type=\"text\/css\" data-created_by=\"avia_inline_auto\" id=\"style-css-av-ki52v5ec-523725208c4cbf1f8b9d28fcd6e41e43\">\n.avia-image-container.av-ki52v5ec-523725208c4cbf1f8b9d28fcd6e41e43 img.avia_image{\nbox-shadow:none;\n}\n.avia-image-container.av-ki52v5ec-523725208c4cbf1f8b9d28fcd6e41e43 .av-image-caption-overlay-center{\ncolor:#ffffff;\n}\n<\/style>\n<div  class='avia-image-container av-ki52v5ec-523725208c4cbf1f8b9d28fcd6e41e43 av-styling- av-img-linked avia_animated_image av-animated-when-visible-95 fade-in avia-align-center  avia-builder-el-4  avia-builder-el-no-sibling '   itemprop=\"image\" itemscope=\"itemscope\" itemtype=\"https:\/\/schema.org\/ImageObject\" ><div class=\"avia-image-container-inner\"><div class=\"avia-image-overlay-wrap\"><a href=\"https:\/\/tobypolarpig.com\/book\/toby-the-polar-pig\/\" class='avia_image '  aria-label='AUTOR-FABRICE'><img decoding=\"async\" fetchpriority=\"high\" class='wp-image-326 avia-img-lazy-loading-not-326 avia_image ' src=\"https:\/\/tobypolarpig.com\/wp-content\/uploads\/2020\/12\/AUTOR-FABRICE-1.png\" alt='Fabrice Genevois' title='AUTOR-FABRICE'  height=\"800\" width=\"800\"  itemprop=\"thumbnailUrl\" srcset=\"https:\/\/tobypolarpig.com\/wp-content\/uploads\/2020\/12\/AUTOR-FABRICE-1.png 800w, https:\/\/tobypolarpig.com\/wp-content\/uploads\/2020\/12\/AUTOR-FABRICE-1-300x300.png 300w, https:\/\/tobypolarpig.com\/wp-content\/uploads\/2020\/12\/AUTOR-FABRICE-1-100x100.png 100w, https:\/\/tobypolarpig.com\/wp-content\/uploads\/2020\/12\/AUTOR-FABRICE-1-600x600.png 600w, https:\/\/tobypolarpig.com\/wp-content\/uploads\/2020\/12\/AUTOR-FABRICE-1-80x80.png 80w, https:\/\/tobypolarpig.com\/wp-content\/uploads\/2020\/12\/AUTOR-FABRICE-1-768x768.png 768w, https:\/\/tobypolarpig.com\/wp-content\/uploads\/2020\/12\/AUTOR-FABRICE-1-36x36.png 36w, https:\/\/tobypolarpig.com\/wp-content\/uploads\/2020\/12\/AUTOR-FABRICE-1-180x180.png 180w, https:\/\/tobypolarpig.com\/wp-content\/uploads\/2020\/12\/AUTOR-FABRICE-1-705x705.png 705w\" sizes=\"(max-width: 800px) 100vw, 800px\" \/><\/a><\/div><\/div><\/div><\/div><div class='av-flex-placeholder'><\/div>\n<style type=\"text\/css\" data-created_by=\"avia_inline_auto\" id=\"style-css-av-3i7k9-324e4be45ba5e33c6591b02dd1b088fd\">\n.flex_column.av-3i7k9-324e4be45ba5e33c6591b02dd1b088fd{\nborder-radius:0px 0px 0px 0px;\npadding:0px 0px 0px 0px;\n}\n<\/style>\n<div  class='flex_column av-3i7k9-324e4be45ba5e33c6591b02dd1b088fd av_one_half  avia-builder-el-5  el_after_av_one_half  el_before_av_one_half  flex_column_table_cell av-equal-height-column av-align-middle av-zero-column-padding  column-top-margin'     ><style type=\"text\/css\" data-created_by=\"avia_inline_auto\" id=\"style-css-av-kiamle2v-fc9e223cd1f3d5b101ed9b8c6b2296df\">\n#top .av-special-heading.av-kiamle2v-fc9e223cd1f3d5b101ed9b8c6b2296df{\npadding-bottom:10px;\ncolor:#00637f;\nfont-size:28px;\n}\nbody .av-special-heading.av-kiamle2v-fc9e223cd1f3d5b101ed9b8c6b2296df .av-special-heading-tag .heading-char{\nfont-size:25px;\n}\n#top #wrap_all .av-special-heading.av-kiamle2v-fc9e223cd1f3d5b101ed9b8c6b2296df .av-special-heading-tag{\nfont-size:28px;\n}\n.av-special-heading.av-kiamle2v-fc9e223cd1f3d5b101ed9b8c6b2296df .special-heading-inner-border{\nborder-color:#00637f;\n}\n.av-special-heading.av-kiamle2v-fc9e223cd1f3d5b101ed9b8c6b2296df .av-subheading{\nfont-size:18px;\n}\n\n@media only screen and (min-width: 480px) and (max-width: 767px){ \n#top #wrap_all .av-special-heading.av-kiamle2v-fc9e223cd1f3d5b101ed9b8c6b2296df .av-special-heading-tag{\nfont-size:0.8em;\n}\n}\n\n@media only screen and (max-width: 479px){ \n#top #wrap_all .av-special-heading.av-kiamle2v-fc9e223cd1f3d5b101ed9b8c6b2296df .av-special-heading-tag{\nfont-size:0.8em;\n}\n}\n<\/style>\n<div  class='av-special-heading av-kiamle2v-fc9e223cd1f3d5b101ed9b8c6b2296df av-special-heading-h3 custom-color-heading blockquote modern-quote  avia-builder-el-6  el_before_av_textblock  avia-builder-el-first  av-inherit-size'><h3 class='av-special-heading-tag '  itemprop=\"headline\"  >Fabrice Genevois<\/h3><div class='av_custom_color av-subheading av-subheading_below'><p>Escritor<\/p>\n<\/div><div class=\"special-heading-border\"><div class=\"special-heading-inner-border\"><\/div><\/div><\/div><br \/>\n\n<style type=\"text\/css\" data-created_by=\"avia_inline_auto\" id=\"style-css-av-ki7z6eta-216fda5e7d4202883ea78f837ec7aae5\">\n#top .av_textblock_section.av-ki7z6eta-216fda5e7d4202883ea78f837ec7aae5 .avia_textblock{\nfont-size:18px;\n}\n<\/style>\n<section  class='av_textblock_section av-ki7z6eta-216fda5e7d4202883ea78f837ec7aae5 '   itemscope=\"itemscope\" itemtype=\"https:\/\/schema.org\/CreativeWork\" ><div class='avia_textblock'  itemprop=\"text\" ><p><span lang=\"es-ES\">Fabrice Genevois es un ornit\u00f3logo franc\u00e9s especializado en aves marinas. <\/span><span lang=\"es-ES\">Lleva m\u00e1s de veinte a\u00f1os viajando a la Ant\u00e1rtida, trabajando como gu\u00eda especializado. Fabrice ha visitado no solo las \u00e1reas cl\u00e1sicas de la Pen\u00ednsula Ant\u00e1rtica, sino tambi\u00e9n las caba\u00f1as hist\u00f3ricas de Shackleton y Scott en el Mar de Ross, as\u00ed como la lejana colonia de ping\u00fcinos emperadores de Snow Hill, en el Mar de Weddell.<\/span><\/p>\n<\/div><\/section><\/p><\/div><\/div><!--close column table wrapper. Autoclose: 1 --><div class='flex_column_table av-3i7k9-d9e82ebed7149456c9d102a55baf84a3 sc-av_one_half av-equal-height-column-flextable'>\n<style type=\"text\/css\" data-created_by=\"avia_inline_auto\" id=\"style-css-av-3i7k9-d9e82ebed7149456c9d102a55baf84a3\">\n.flex_column.av-3i7k9-d9e82ebed7149456c9d102a55baf84a3{\nborder-radius:0px 0px 0px 0px;\npadding:0px 0px 0px 0px;\n}\n<\/style>\n<div  class='flex_column av-3i7k9-d9e82ebed7149456c9d102a55baf84a3 av_one_half  avia-builder-el-8  el_after_av_one_half  el_before_av_one_half  first flex_column_table_cell av-equal-height-column av-align-middle av-zero-column-padding  column-top-margin'     ><style type=\"text\/css\" data-created_by=\"avia_inline_auto\" id=\"style-css-av-kiamlj2q-887028fd029b6618ad83b1e2e22f0165\">\n#top .av-special-heading.av-kiamlj2q-887028fd029b6618ad83b1e2e22f0165{\npadding-bottom:10px;\ncolor:#00637f;\nfont-size:28px;\n}\nbody .av-special-heading.av-kiamlj2q-887028fd029b6618ad83b1e2e22f0165 .av-special-heading-tag .heading-char{\nfont-size:25px;\n}\n#top #wrap_all .av-special-heading.av-kiamlj2q-887028fd029b6618ad83b1e2e22f0165 .av-special-heading-tag{\nfont-size:28px;\n}\n.av-special-heading.av-kiamlj2q-887028fd029b6618ad83b1e2e22f0165 .special-heading-inner-border{\nborder-color:#00637f;\n}\n.av-special-heading.av-kiamlj2q-887028fd029b6618ad83b1e2e22f0165 .av-subheading{\nfont-size:18px;\n}\n\n@media only screen and (min-width: 480px) and (max-width: 767px){ \n#top #wrap_all .av-special-heading.av-kiamlj2q-887028fd029b6618ad83b1e2e22f0165 .av-special-heading-tag{\nfont-size:0.8em;\n}\n}\n\n@media only screen and (max-width: 479px){ \n#top #wrap_all .av-special-heading.av-kiamlj2q-887028fd029b6618ad83b1e2e22f0165 .av-special-heading-tag{\nfont-size:0.8em;\n}\n}\n<\/style>\n<div  class='av-special-heading av-kiamlj2q-887028fd029b6618ad83b1e2e22f0165 av-special-heading-h3 custom-color-heading blockquote modern-quote  avia-builder-el-9  el_before_av_textblock  avia-builder-el-first  av-inherit-size'><h3 class='av-special-heading-tag '  itemprop=\"headline\"  >Federico Gargiulo<\/h3><div class='av_custom_color av-subheading av-subheading_below'><p>Escritor<\/p>\n<\/div><div class=\"special-heading-border\"><div class=\"special-heading-inner-border\"><\/div><\/div><\/div><br \/>\n\n<style type=\"text\/css\" data-created_by=\"avia_inline_auto\" id=\"style-css-av-ki7z6eta-216fda5e7d4202883ea78f837ec7aae5\">\n#top .av_textblock_section.av-ki7z6eta-216fda5e7d4202883ea78f837ec7aae5 .avia_textblock{\nfont-size:18px;\n}\n<\/style>\n<section  class='av_textblock_section av-ki7z6eta-216fda5e7d4202883ea78f837ec7aae5 '   itemscope=\"itemscope\" itemtype=\"https:\/\/schema.org\/CreativeWork\" ><div class='avia_textblock'  itemprop=\"text\" ><p><span lang=\"es-ES\">Federico Gargiulo es un editor y gu\u00eda tur\u00edstico argentino. <\/span><span lang=\"es-ES\">Ha trabajado como gu\u00eda de expediciones en la Ant\u00e1rtida durante los \u00faltimos ocho a\u00f1os, enfoc\u00e1ndose en la historia de la exploraci\u00f3n ant\u00e1rtica. Su experiencia como editor y su pasi\u00f3n por la historia le llevaron a publicar diferentes libros de tem\u00e1tica ant\u00e1rtica.<\/span><\/p>\n<\/div><\/section><\/p><\/div><div class='av-flex-placeholder'><\/div>\n<style type=\"text\/css\" data-created_by=\"avia_inline_auto\" id=\"style-css-av-ki64a0rh-c45c0f4dbe5716d577a72408f4ecdb64\">\n.flex_column.av-ki64a0rh-c45c0f4dbe5716d577a72408f4ecdb64{\nborder-radius:0px 0px 0px 0px;\npadding:0px 0px 0px 0px;\n}\n<\/style>\n<div  class='flex_column av-ki64a0rh-c45c0f4dbe5716d577a72408f4ecdb64 av_one_half  avia-builder-el-11  el_after_av_one_half  el_before_av_one_half  flex_column_table_cell av-equal-height-column av-align-middle av-zero-column-padding  column-top-margin'     ><style type=\"text\/css\" data-created_by=\"avia_inline_auto\" id=\"style-css-av-ki52v5ec-bf6f2955f1b92d8e4e17b7786a49c60f\">\n.avia-image-container.av-ki52v5ec-bf6f2955f1b92d8e4e17b7786a49c60f img.avia_image{\nbox-shadow:none;\n}\n.avia-image-container.av-ki52v5ec-bf6f2955f1b92d8e4e17b7786a49c60f .av-image-caption-overlay-center{\ncolor:#ffffff;\n}\n<\/style>\n<div  class='avia-image-container av-ki52v5ec-bf6f2955f1b92d8e4e17b7786a49c60f av-styling- av-img-linked avia_animated_image av-animated-when-visible-95 fade-in avia-align-center  avia-builder-el-12  avia-builder-el-no-sibling '   itemprop=\"image\" itemscope=\"itemscope\" itemtype=\"https:\/\/schema.org\/ImageObject\" ><div class=\"avia-image-container-inner\"><div class=\"avia-image-overlay-wrap\"><a href=\"https:\/\/tobypolarpig.com\/book\/toby-the-polar-pig\/\" class='avia_image '  aria-label='AUTOR-FEDE-GARGIULO'><img decoding=\"async\" fetchpriority=\"high\" class='wp-image-425 avia-img-lazy-loading-not-425 avia_image ' src=\"https:\/\/tobypolarpig.com\/wp-content\/uploads\/2020\/12\/AUTOR-FEDE-GARGIULO.png\" alt='Federico Gargiulo' title='AUTOR-FEDE-GARGIULO'  height=\"850\" width=\"800\"  itemprop=\"thumbnailUrl\" srcset=\"https:\/\/tobypolarpig.com\/wp-content\/uploads\/2020\/12\/AUTOR-FEDE-GARGIULO.png 800w, https:\/\/tobypolarpig.com\/wp-content\/uploads\/2020\/12\/AUTOR-FEDE-GARGIULO-300x319.png 300w, https:\/\/tobypolarpig.com\/wp-content\/uploads\/2020\/12\/AUTOR-FEDE-GARGIULO-600x638.png 600w, https:\/\/tobypolarpig.com\/wp-content\/uploads\/2020\/12\/AUTOR-FEDE-GARGIULO-282x300.png 282w, https:\/\/tobypolarpig.com\/wp-content\/uploads\/2020\/12\/AUTOR-FEDE-GARGIULO-768x816.png 768w, https:\/\/tobypolarpig.com\/wp-content\/uploads\/2020\/12\/AUTOR-FEDE-GARGIULO-664x705.png 664w\" sizes=\"(max-width: 800px) 100vw, 800px\" \/><\/a><\/div><\/div><\/div><\/div><\/div><!--close column table wrapper. Autoclose: 1 --><div class='flex_column_table av-ki64a0rh-4d979bd3d7b819bfd1423e9b0091dee7 sc-av_one_half av-equal-height-column-flextable'>\n<style type=\"text\/css\" data-created_by=\"avia_inline_auto\" id=\"style-css-av-ki64a0rh-4d979bd3d7b819bfd1423e9b0091dee7\">\n.flex_column.av-ki64a0rh-4d979bd3d7b819bfd1423e9b0091dee7{\nborder-radius:0px 0px 0px 0px;\npadding:0px 0px 0px 0px;\n}\n<\/style>\n<div  class='flex_column av-ki64a0rh-4d979bd3d7b819bfd1423e9b0091dee7 av_one_half  avia-builder-el-13  el_after_av_one_half  el_before_av_one_half  first flex_column_table_cell av-equal-height-column av-align-middle av-zero-column-padding  column-top-margin'     ><style type=\"text\/css\" data-created_by=\"avia_inline_auto\" id=\"style-css-av-ki52v5ec-6f1c512031cbab36399069642ee54420\">\n.avia-image-container.av-ki52v5ec-6f1c512031cbab36399069642ee54420 img.avia_image{\nbox-shadow:none;\n}\n.avia-image-container.av-ki52v5ec-6f1c512031cbab36399069642ee54420 .av-image-caption-overlay-center{\ncolor:#ffffff;\n}\n<\/style>\n<div  class='avia-image-container av-ki52v5ec-6f1c512031cbab36399069642ee54420 av-styling- av-img-linked avia_animated_image av-animated-when-visible-95 fade-in avia-align-center  avia-builder-el-14  avia-builder-el-no-sibling '   itemprop=\"image\" itemscope=\"itemscope\" itemtype=\"https:\/\/schema.org\/ImageObject\" ><div class=\"avia-image-container-inner\"><div class=\"avia-image-overlay-wrap\"><a href=\"https:\/\/tobypolarpig.com\/book\/toby-the-polar-pig\/\" class='avia_image '  aria-label='AUTOR-EUGENIA-NOBATI'><img decoding=\"async\" fetchpriority=\"high\" class='wp-image-350 avia-img-lazy-loading-not-350 avia_image ' src=\"https:\/\/tobypolarpig.com\/wp-content\/uploads\/2020\/12\/AUTOR-EUGENIA-NOBATI.png\" alt='Eugenia Nobati' title='AUTOR-EUGENIA-NOBATI'  height=\"850\" width=\"800\"  itemprop=\"thumbnailUrl\" srcset=\"https:\/\/tobypolarpig.com\/wp-content\/uploads\/2020\/12\/AUTOR-EUGENIA-NOBATI.png 800w, https:\/\/tobypolarpig.com\/wp-content\/uploads\/2020\/12\/AUTOR-EUGENIA-NOBATI-300x319.png 300w, https:\/\/tobypolarpig.com\/wp-content\/uploads\/2020\/12\/AUTOR-EUGENIA-NOBATI-600x638.png 600w, https:\/\/tobypolarpig.com\/wp-content\/uploads\/2020\/12\/AUTOR-EUGENIA-NOBATI-282x300.png 282w, https:\/\/tobypolarpig.com\/wp-content\/uploads\/2020\/12\/AUTOR-EUGENIA-NOBATI-768x816.png 768w, https:\/\/tobypolarpig.com\/wp-content\/uploads\/2020\/12\/AUTOR-EUGENIA-NOBATI-664x705.png 664w\" sizes=\"(max-width: 800px) 100vw, 800px\" \/><\/a><\/div><\/div><\/div><\/div><div class='av-flex-placeholder'><\/div>\n<style type=\"text\/css\" data-created_by=\"avia_inline_auto\" id=\"style-css-av-3i7k9-a52151d193381e1daef37840e2d823e6\">\n.flex_column.av-3i7k9-a52151d193381e1daef37840e2d823e6{\nborder-radius:0px 0px 0px 0px;\npadding:0px 0px 0px 0px;\n}\n<\/style>\n<div  class='flex_column av-3i7k9-a52151d193381e1daef37840e2d823e6 av_one_half  avia-builder-el-15  el_after_av_one_half  el_before_av_hr  flex_column_table_cell av-equal-height-column av-align-middle av-zero-column-padding  column-top-margin'     ><style type=\"text\/css\" data-created_by=\"avia_inline_auto\" id=\"style-css-av-kiamln6n-43dce1070a83252ffded69fb539cab15\">\n#top .av-special-heading.av-kiamln6n-43dce1070a83252ffded69fb539cab15{\npadding-bottom:10px;\ncolor:#00637f;\nfont-size:28px;\n}\nbody .av-special-heading.av-kiamln6n-43dce1070a83252ffded69fb539cab15 .av-special-heading-tag .heading-char{\nfont-size:25px;\n}\n#top #wrap_all .av-special-heading.av-kiamln6n-43dce1070a83252ffded69fb539cab15 .av-special-heading-tag{\nfont-size:28px;\n}\n.av-special-heading.av-kiamln6n-43dce1070a83252ffded69fb539cab15 .special-heading-inner-border{\nborder-color:#00637f;\n}\n.av-special-heading.av-kiamln6n-43dce1070a83252ffded69fb539cab15 .av-subheading{\nfont-size:18px;\n}\n\n@media only screen and (min-width: 480px) and (max-width: 767px){ \n#top #wrap_all .av-special-heading.av-kiamln6n-43dce1070a83252ffded69fb539cab15 .av-special-heading-tag{\nfont-size:0.8em;\n}\n}\n\n@media only screen and (max-width: 479px){ \n#top #wrap_all .av-special-heading.av-kiamln6n-43dce1070a83252ffded69fb539cab15 .av-special-heading-tag{\nfont-size:0.8em;\n}\n}\n<\/style>\n<div  class='av-special-heading av-kiamln6n-43dce1070a83252ffded69fb539cab15 av-special-heading-h3 custom-color-heading blockquote modern-quote  avia-builder-el-16  el_before_av_textblock  avia-builder-el-first  av-inherit-size'><h3 class='av-special-heading-tag '  itemprop=\"headline\"  >Eugenia Nobati <\/h3><div class='av_custom_color av-subheading av-subheading_below'><p>Ilustradora<\/p>\n<\/div><div class=\"special-heading-border\"><div class=\"special-heading-inner-border\"><\/div><\/div><\/div><br \/>\n\n<style type=\"text\/css\" data-created_by=\"avia_inline_auto\" id=\"style-css-av-ki7z6eta-216fda5e7d4202883ea78f837ec7aae5\">\n#top .av_textblock_section.av-ki7z6eta-216fda5e7d4202883ea78f837ec7aae5 .avia_textblock{\nfont-size:18px;\n}\n<\/style>\n<section  class='av_textblock_section av-ki7z6eta-216fda5e7d4202883ea78f837ec7aae5 '   itemscope=\"itemscope\" itemtype=\"https:\/\/schema.org\/CreativeWork\" ><div class='avia_textblock'  itemprop=\"text\" ><p>Eugenia Nobati naci\u00f3 en 1968 en Buenos Aires, Argentina, donde a\u00fan vive con su familia. Inici\u00f3 su carrera profesional como dise\u00f1adora gr\u00e1fica en 1990 aunque algunos a\u00f1os despu\u00e9s decidi\u00f3 dedicar su tiempo exclusivamente a la ilustraci\u00f3n, mayoritariamente de libros infantiles. A lo largo de los a\u00f1os, su trabajo se ha publicado en nueve pa\u00edses y en m\u00e1s de cincuenta libros. Fue seleccionada entre 16 ilustradores para representar a Argentina en la Bienal de Bratislava en el a\u00f1o 2012. En 2014 fue reconocida por ALIJA (Asociaci\u00f3n de Literatura infantil y Juvenil de la Argentina) por el mejor libro ilustrado.<\/p>\n<\/div><\/section><\/p><\/div><\/div><!--close column table wrapper. Autoclose: 1 -->\n<style type=\"text\/css\" data-created_by=\"avia_inline_auto\" id=\"style-css-av-ki7zk58u-b274295df3988b087a4ddd1d90ee54e3\">\n#top .hr.hr-invisible.av-ki7zk58u-b274295df3988b087a4ddd1d90ee54e3{\nheight:40px;\n}\n<\/style>\n<div  class='hr av-ki7zk58u-b274295df3988b087a4ddd1d90ee54e3 hr-invisible  avia-builder-el-18  el_after_av_one_half  avia-builder-el-last '><span class='hr-inner '><span class=\"hr-inner-style\"><\/span><\/span><\/div>\n\n","protected":false},"excerpt":{"rendered":"","protected":false},"author":1,"featured_media":333,"parent":506,"menu_order":0,"comment_status":"closed","ping_status":"closed","template":"","meta":{"footnotes":""},"class_list":["post-507","page","type-page","status-publish","has-post-thumbnail","hentry"],"_links":{"self":[{"href":"https:\/\/tobypolarpig.com\/es\/wp-json\/wp\/v2\/pages\/507","targetHints":{"allow":["GET"]}}],"collection":[{"href":"https:\/\/tobypolarpig.com\/es\/wp-json\/wp\/v2\/pages"}],"about":[{"href":"https:\/\/tobypolarpig.com\/es\/wp-json\/wp\/v2\/types\/page"}],"author":[{"embeddable":true,"href":"https:\/\/tobypolarpig.com\/es\/wp-json\/wp\/v2\/users\/1"}],"replies":[{"embeddable":true,"href":"https:\/\/tobypolarpig.com\/es\/wp-json\/wp\/v2\/comments?post=507"}],"version-history":[{"count":5,"href":"https:\/\/tobypolarpig.com\/es\/wp-json\/wp\/v2\/pages\/507\/revisions"}],"predecessor-version":[{"id":512,"href":"https:\/\/tobypolarpig.com\/es\/wp-json\/wp\/v2\/pages\/507\/revisions\/512"}],"up":[{"embeddable":true,"href":"https:\/\/tobypolarpig.com\/es\/wp-json\/wp\/v2\/pages\/506"}],"wp:featuredmedia":[{"embeddable":true,"href":"https:\/\/tobypolarpig.com\/es\/wp-json\/wp\/v2\/media\/333"}],"wp:attachment":[{"href":"https:\/\/tobypolarpig.com\/es\/wp-json\/wp\/v2\/media?parent=507"}],"curies":[{"name":"wp","href":"https:\/\/api.w.org\/{rel}","templated":true}]}}