{"id":529,"date":"2020-12-15T12:49:47","date_gmt":"2020-12-15T15:49:47","guid":{"rendered":"https:\/\/tobypolarpig.com\/about\/la-historia-real-de-toby\/"},"modified":"2021-01-08T12:51:25","modified_gmt":"2021-01-08T15:51:25","slug":"la-historia-real-de-toby","status":"publish","type":"page","link":"https:\/\/tobypolarpig.com\/es\/about\/la-historia-real-de-toby\/","title":{"rendered":"La historia real de Toby"},"content":{"rendered":"\n<style type=\"text\/css\" data-created_by=\"avia_inline_auto\" id=\"style-css-av-ki66y0w2-6791e74cb15e4cf7a6339a0e3b015c2e\">\n.avia-section.av-ki66y0w2-6791e74cb15e4cf7a6339a0e3b015c2e{\nbackground-repeat:repeat;\nbackground-image:url(https:\/\/tobypolarpig.com\/wp-content\/uploads\/2020\/12\/Paper-Texture.jpg);\nbackground-position:50% 50%;\nbackground-attachment:fixed;\n}\n<\/style>\n<div id='av_section_1'  class='avia-section av-ki66y0w2-6791e74cb15e4cf7a6339a0e3b015c2e main_color avia-section-default avia-no-border-styling  avia-builder-el-0  el_before_av_section  avia-builder-el-first  avia-bg-style-fixed container_wrap fullsize'  data-section-bg-repeat='repeat'><div class='container av-section-cont-open' ><main  role=\"main\" itemprop=\"mainContentOfPage\"  class='template-page content  av-content-full alpha units'><div class='post-entry post-entry-type-page post-entry-529'><div class='entry-content-wrapper clearfix'>\n<div class='flex_column_table av-ki677kuk-16be71b92baf5cc1a074127e7cb8b343 sc-av_three_fifth av-equal-height-column-flextable'>\n<style type=\"text\/css\" data-created_by=\"avia_inline_auto\" id=\"style-css-av-ki677kuk-16be71b92baf5cc1a074127e7cb8b343\">\n.flex_column.av-ki677kuk-16be71b92baf5cc1a074127e7cb8b343{\nborder-radius:0px 0px 0px 0px;\npadding:0px 0px 0px 0px;\n}\n<\/style>\n<div  class='flex_column av-ki677kuk-16be71b92baf5cc1a074127e7cb8b343 av_three_fifth  avia-builder-el-1  el_before_av_one_third  avia-builder-el-first  first flex_column_table_cell av-equal-height-column av-align-middle av-zero-column-padding  '     ><p>\n<style type=\"text\/css\" data-created_by=\"avia_inline_auto\" id=\"style-css-av-ki66s0eh-1b323cde70be90dc2344d3187f075052\">\n.avia-image-container.av-ki66s0eh-1b323cde70be90dc2344d3187f075052 img.avia_image{\nbox-shadow:none;\n}\n.avia-image-container.av-ki66s0eh-1b323cde70be90dc2344d3187f075052 .av-image-caption-overlay-center{\ncolor:#ffffff;\n}\n<\/style>\n<div  class='avia-image-container av-ki66s0eh-1b323cde70be90dc2344d3187f075052 av-styling- avia_animated_image av-animated-when-visible-95 av-rotateIn avia-align-center  avia-builder-el-2  el_before_av_hr  avia-builder-el-first '   itemprop=\"image\" itemscope=\"itemscope\" itemtype=\"https:\/\/schema.org\/ImageObject\" ><div class=\"avia-image-container-inner\"><div class=\"avia-image-overlay-wrap\"><img decoding=\"async\" fetchpriority=\"high\" class='wp-image-195 avia-img-lazy-loading-not-195 avia_image ' src=\"https:\/\/tobypolarpig.com\/wp-content\/uploads\/2020\/12\/STORY-TITLEx450.png\" alt='La historia real de Toby' title='STORY-TITLEx450'  height=\"174\" width=\"450\"  itemprop=\"thumbnailUrl\" srcset=\"https:\/\/tobypolarpig.com\/wp-content\/uploads\/2020\/12\/STORY-TITLEx450.png 450w, https:\/\/tobypolarpig.com\/wp-content\/uploads\/2020\/12\/STORY-TITLEx450-300x116.png 300w\" sizes=\"(max-width: 450px) 100vw, 450px\" \/><\/div><\/div><\/div><br \/>\n\n<style type=\"text\/css\" data-created_by=\"avia_inline_auto\" id=\"style-css-av-ki6731ve-066fae4217f0f6a1a459a0fb8ee245c9\">\n#top .hr.hr-invisible.av-ki6731ve-066fae4217f0f6a1a459a0fb8ee245c9{\nheight:30px;\n}\n<\/style>\n<div  class='hr av-ki6731ve-066fae4217f0f6a1a459a0fb8ee245c9 hr-invisible  avia-builder-el-3  el_after_av_image  el_before_av_textblock '><span class='hr-inner '><span class=\"hr-inner-style\"><\/span><\/span><\/div><br \/>\n\n<style type=\"text\/css\" data-created_by=\"avia_inline_auto\" id=\"style-css-av-ki66wm89-39eb6caa69e5d6dc863c28b623ffc412\">\n#top .av_textblock_section.av-ki66wm89-39eb6caa69e5d6dc863c28b623ffc412 .avia_textblock{\nfont-size:18px;\n}\n<\/style>\n<section  class='av_textblock_section av-ki66wm89-39eb6caa69e5d6dc863c28b623ffc412 '   itemscope=\"itemscope\" itemtype=\"https:\/\/schema.org\/CreativeWork\" ><div class='avia_textblock'  itemprop=\"text\" ><p><span class='av_dropcap1 av-av_dropcap1-3cd9da5fea0ef5fb27aee617571c39a3'>C<\/span>amino a una misi\u00f3n de b\u00fasqueda y rescate en la Ant\u00e1rtida, el barco argentino Uruguay trajo a bordo un cerdo que pasar\u00eda la mayor parte de su vida en un lugar donde el hielo es un lugar com\u00fan. Su nombre era Toby.<\/p>\n<p><img loading=\"lazy\" decoding=\"async\" class=\"aligncenter size-full wp-image-184\" src=\"http:\/\/tobypolarpig.com\/wp-content\/uploads\/2020\/12\/MISC1.png\" alt=\"\" width=\"100\" height=\"38\" \/><\/p>\n<p>El rescate fue un \u00e9xito, y despu\u00e9s de que la Uruguay regresara a Buenos Aires, otra expedici\u00f3n a la Ant\u00e1rtida estaba a punto de comenzar. El barco era el Le Fran\u00e7ais. El comandante Jean Baptiste Charcot, un explorador franc\u00e9s, recibi\u00f3 a Toby como regalo de despedida del comandante de la Uruguay con las siguientes palabras: \u201cHa sido nuestra mascota. \u00a1Espero que sea la tuya!\u00bb<\/p>\n<p><img loading=\"lazy\" decoding=\"async\" class=\"aligncenter size-full wp-image-184\" src=\"http:\/\/tobypolarpig.com\/wp-content\/uploads\/2020\/12\/MISC1.png\" alt=\"\" width=\"100\" height=\"38\" \/><\/p>\n<p>A bordo del <em>Le Fran\u00e7aisa<\/em>, Charcot ten\u00eda como objetivo explorar el lado occidental de la Pen\u00ednsula Ant\u00e1rtica e invernar para realizar observaciones cient\u00edficas. Descubrieron Port Lockroy, Port Charcot y produjeron 18 vol\u00famenes cient\u00edficos.<\/p>\n<\/div><\/section><\/p><\/div><div class='av-flex-placeholder'><\/div>\n<style type=\"text\/css\" data-created_by=\"avia_inline_auto\" id=\"style-css-av-kxnai-1183c7bb4dbfda02fe54225cabf8f2ca\">\n.flex_column.av-kxnai-1183c7bb4dbfda02fe54225cabf8f2ca{\nborder-radius:0px 0px 0px 0px;\npadding:0px 0px 0px 0px;\n}\n<\/style>\n<div  class='flex_column av-kxnai-1183c7bb4dbfda02fe54225cabf8f2ca av_one_third  avia-builder-el-5  el_after_av_three_fifth  avia-builder-el-last  flex_column_table_cell av-equal-height-column av-align-middle av-zero-column-padding  '     ><p>\n<style type=\"text\/css\" data-created_by=\"avia_inline_auto\" id=\"style-css-av-ki66s0eh-59da57814ae718389d52ac60c037e11b\">\n.avia-image-container.av-ki66s0eh-59da57814ae718389d52ac60c037e11b img.avia_image{\nbox-shadow:none;\n}\n.avia-image-container.av-ki66s0eh-59da57814ae718389d52ac60c037e11b .av-image-caption-overlay-center{\ncolor:#ffffff;\n}\n<\/style>\n<div  class='avia-image-container av-ki66s0eh-59da57814ae718389d52ac60c037e11b av-styling- avia_animated_image av-animated-when-visible-95 left-to-right avia-align-center  avia-builder-el-6  el_before_av_textblock  avia-builder-el-first '   itemprop=\"image\" itemscope=\"itemscope\" itemtype=\"https:\/\/schema.org\/ImageObject\" ><div class=\"avia-image-container-inner\"><div class=\"avia-image-overlay-wrap\"><img decoding=\"async\" fetchpriority=\"high\" class='wp-image-175 avia-img-lazy-loading-not-175 avia_image ' src=\"https:\/\/tobypolarpig.com\/wp-content\/uploads\/2020\/12\/STORY-TOBY-2.png\" alt='Our friend Toby, 1904' title='STORY-TOBY'  height=\"434\" width=\"600\"  itemprop=\"thumbnailUrl\" srcset=\"https:\/\/tobypolarpig.com\/wp-content\/uploads\/2020\/12\/STORY-TOBY-2.png 600w, https:\/\/tobypolarpig.com\/wp-content\/uploads\/2020\/12\/STORY-TOBY-2-300x217.png 300w\" sizes=\"(max-width: 600px) 100vw, 600px\" \/><\/div><\/div><\/div><br \/>\n\n<style type=\"text\/css\" data-created_by=\"avia_inline_auto\" id=\"style-css-av-ki67obbt-ceb3cb61027c8a396cb088b3cdd0770c\">\n#top .av_textblock_section.av-ki67obbt-ceb3cb61027c8a396cb088b3cdd0770c .avia_textblock{\nfont-size:12px;\ncolor:#736255;\n}\n<\/style>\n<section  class='av_textblock_section av-ki67obbt-ceb3cb61027c8a396cb088b3cdd0770c '   itemscope=\"itemscope\" itemtype=\"https:\/\/schema.org\/CreativeWork\" ><div class='avia_textblock av_inherit_color'  itemprop=\"text\" ><p style=\"text-align: center;\">Nuestro amigo Toby, 1904<\/p>\n<\/div><\/section><br \/>\n\n<style type=\"text\/css\" data-created_by=\"avia_inline_auto\" id=\"style-css-av-ki66s0eh-1911e7126d95be19ba7e299d3b1f05fa\">\n.avia-image-container.av-ki66s0eh-1911e7126d95be19ba7e299d3b1f05fa img.avia_image{\nbox-shadow:none;\n}\n.avia-image-container.av-ki66s0eh-1911e7126d95be19ba7e299d3b1f05fa .av-image-caption-overlay-center{\ncolor:#ffffff;\n}\n<\/style>\n<div  class='avia-image-container av-ki66s0eh-1911e7126d95be19ba7e299d3b1f05fa av-styling- avia_animated_image av-animated-when-visible-95 left-to-right avia-align-center  avia-builder-el-8  el_after_av_textblock  el_before_av_textblock '   itemprop=\"image\" itemscope=\"itemscope\" itemtype=\"https:\/\/schema.org\/ImageObject\" ><div class=\"avia-image-container-inner\"><div class=\"avia-image-overlay-wrap\"><img decoding=\"async\" fetchpriority=\"high\" class='wp-image-158 avia-img-lazy-loading-not-158 avia_image ' src=\"https:\/\/tobypolarpig.com\/wp-content\/uploads\/2020\/12\/STORY-FRANCAIS.png\" alt='The Fran\u00e7ais' title='STORY-FRANCAIS'  height=\"426\" width=\"600\"  itemprop=\"thumbnailUrl\" srcset=\"https:\/\/tobypolarpig.com\/wp-content\/uploads\/2020\/12\/STORY-FRANCAIS.png 600w, https:\/\/tobypolarpig.com\/wp-content\/uploads\/2020\/12\/STORY-FRANCAIS-300x213.png 300w, https:\/\/tobypolarpig.com\/wp-content\/uploads\/2020\/12\/STORY-FRANCAIS-260x185.png 260w\" sizes=\"(max-width: 600px) 100vw, 600px\" \/><\/div><\/div><\/div><br \/>\n\n<style type=\"text\/css\" data-created_by=\"avia_inline_auto\" id=\"style-css-av-ki67obbt-ceb3cb61027c8a396cb088b3cdd0770c\">\n#top .av_textblock_section.av-ki67obbt-ceb3cb61027c8a396cb088b3cdd0770c .avia_textblock{\nfont-size:12px;\ncolor:#736255;\n}\n<\/style>\n<section  class='av_textblock_section av-ki67obbt-ceb3cb61027c8a396cb088b3cdd0770c '   itemscope=\"itemscope\" itemtype=\"https:\/\/schema.org\/CreativeWork\" ><div class='avia_textblock av_inherit_color'  itemprop=\"text\" ><p style=\"text-align: center;\">El Fran\u00e7ais<\/p>\n<\/div><\/section><\/p><\/div><\/div><!--close column table wrapper. Autoclose: 1 --><\/div><\/div><\/main><!-- close content main element --><\/div><\/div>\n<style type=\"text\/css\" data-created_by=\"avia_inline_auto\" id=\"style-css-av-ki66y0w2-6791e74cb15e4cf7a6339a0e3b015c2e\">\n.avia-section.av-ki66y0w2-6791e74cb15e4cf7a6339a0e3b015c2e{\nbackground-repeat:repeat;\nbackground-image:url(https:\/\/tobypolarpig.com\/wp-content\/uploads\/2020\/12\/Paper-Texture.jpg);\nbackground-position:50% 50%;\nbackground-attachment:fixed;\n}\n<\/style>\n<div id='av_section_2'  class='avia-section av-ki66y0w2-6791e74cb15e4cf7a6339a0e3b015c2e main_color avia-section-default avia-no-border-styling  avia-builder-el-10  el_after_av_section  avia-builder-el-last  avia-bg-style-fixed container_wrap fullsize'  data-section-bg-repeat='repeat'><div class='container av-section-cont-open' ><div class='template-page content  av-content-full alpha units'><div class='post-entry post-entry-type-page post-entry-529'><div class='entry-content-wrapper clearfix'>\n\n<style type=\"text\/css\" data-created_by=\"avia_inline_auto\" id=\"style-css-av-f42je-e989bb23e5940d87675854013672f674\">\n.flex_column.av-f42je-e989bb23e5940d87675854013672f674{\nborder-radius:0px 0px 0px 0px;\npadding:0px 0px 0px 0px;\n}\n<\/style>\n<div  class='flex_column av-f42je-e989bb23e5940d87675854013672f674 av_one_third  avia-builder-el-11  el_before_av_three_fifth  avia-builder-el-first  first flex_column_div av-zero-column-padding  '     ><p>\n<style type=\"text\/css\" data-created_by=\"avia_inline_auto\" id=\"style-css-av-ki66s0eh-febf5ab6ddd60443baf405e16476eb08\">\n.avia-image-container.av-ki66s0eh-febf5ab6ddd60443baf405e16476eb08 img.avia_image{\nbox-shadow:none;\n}\n.avia-image-container.av-ki66s0eh-febf5ab6ddd60443baf405e16476eb08 .av-image-caption-overlay-center{\ncolor:#ffffff;\n}\n<\/style>\n<div  class='avia-image-container av-ki66s0eh-febf5ab6ddd60443baf405e16476eb08 av-styling- avia_animated_image av-animated-when-visible-95 left-to-right avia-align-center  avia-builder-el-12  el_before_av_textblock  avia-builder-el-first '   itemprop=\"image\" itemscope=\"itemscope\" itemtype=\"https:\/\/schema.org\/ImageObject\" ><div class=\"avia-image-container-inner\"><div class=\"avia-image-overlay-wrap\"><img decoding=\"async\" fetchpriority=\"high\" class='wp-image-164 avia-img-lazy-loading-not-164 avia_image ' src=\"https:\/\/tobypolarpig.com\/wp-content\/uploads\/2020\/12\/STORY-JB-CHARCOT.png\" alt='The French explorer Jean Baptiste Charcot' title='STORY-JB-CHARCOT'  height=\"600\" width=\"467\"  itemprop=\"thumbnailUrl\" srcset=\"https:\/\/tobypolarpig.com\/wp-content\/uploads\/2020\/12\/STORY-JB-CHARCOT.png 467w, https:\/\/tobypolarpig.com\/wp-content\/uploads\/2020\/12\/STORY-JB-CHARCOT-300x385.png 300w, https:\/\/tobypolarpig.com\/wp-content\/uploads\/2020\/12\/STORY-JB-CHARCOT-234x300.png 234w\" sizes=\"(max-width: 467px) 100vw, 467px\" \/><\/div><\/div><\/div><br \/>\n\n<style type=\"text\/css\" data-created_by=\"avia_inline_auto\" id=\"style-css-av-ki67obbt-ceb3cb61027c8a396cb088b3cdd0770c\">\n#top .av_textblock_section.av-ki67obbt-ceb3cb61027c8a396cb088b3cdd0770c .avia_textblock{\nfont-size:12px;\ncolor:#736255;\n}\n<\/style>\n<section  class='av_textblock_section av-ki67obbt-ceb3cb61027c8a396cb088b3cdd0770c '   itemscope=\"itemscope\" itemtype=\"https:\/\/schema.org\/CreativeWork\" ><div class='avia_textblock av_inherit_color'  itemprop=\"text\" ><p style=\"text-align: center;\">El explorador franc\u00e9s Jean Baptiste Charcot<\/p>\n<\/div><\/section><\/p><\/div>\n<style type=\"text\/css\" data-created_by=\"avia_inline_auto\" id=\"style-css-av-ki677kuk-c7ccb5302961089e953b9b3deeba2bb0\">\n.flex_column.av-ki677kuk-c7ccb5302961089e953b9b3deeba2bb0{\nborder-radius:0px 0px 0px 0px;\npadding:0px 0px 0px 0px;\n}\n<\/style>\n<div  class='flex_column av-ki677kuk-c7ccb5302961089e953b9b3deeba2bb0 av_three_fifth  avia-builder-el-14  el_after_av_one_third  el_before_av_one_full  flex_column_div av-zero-column-padding  '     ><style type=\"text\/css\" data-created_by=\"avia_inline_auto\" id=\"style-css-av-ki66wm89-39eb6caa69e5d6dc863c28b623ffc412\">\n#top .av_textblock_section.av-ki66wm89-39eb6caa69e5d6dc863c28b623ffc412 .avia_textblock{\nfont-size:18px;\n}\n<\/style>\n<section  class='av_textblock_section av-ki66wm89-39eb6caa69e5d6dc863c28b623ffc412 '   itemscope=\"itemscope\" itemtype=\"https:\/\/schema.org\/CreativeWork\" ><div class='avia_textblock'  itemprop=\"text\" ><p>En las narraciones de la expedici\u00f3n, Charcot menciona que dejaba a Toby y a los perros libres en el hielo, vi\u00e9ndolos perseguir focas y ping\u00fcinos. Despu\u00e9s de un a\u00f1o en la Ant\u00e1rtida, Toby cay\u00f3 enfermo; los hombres, que lo alimentaron con leche condensada con una cuchara, lo malcriaron, pero Toby no pudo recuperarse. El 14 de diciembre de 1904, Toby falleci\u00f3. Los exploradores franceses lo enterraron en la isla S\u00f6gen, junto a S\u00f6gen, uno de los perros que hab\u00eda muerto antes. La ubicaci\u00f3n exacta de su tumba sigue siendo un misterio.<\/p>\n<p><img loading=\"lazy\" decoding=\"async\" class=\"aligncenter size-full wp-image-184\" src=\"http:\/\/tobypolarpig.com\/wp-content\/uploads\/2020\/12\/MISC1.png\" alt=\"\" width=\"100\" height=\"38\" \/><\/p>\n<p>Era una pr\u00e1ctica com\u00fan que los exploradores y balleneros trajeran cerdos y otro ganado como alimento fresco. Sin embargo, Toby fue el \u00fanico cerdo que viaj\u00f3 a la Ant\u00e1rtida dos veces y que cruz\u00f3 el Pasaje Drake tres veces. Fue testigo de grandes logros en la historia de la exploraci\u00f3n de la Ant\u00e1rtida y, como mascota de la expedici\u00f3n, mantuvo a los hombres de buen \u00e1nimo.<\/p>\n<\/div><\/section><\/div>\n<style type=\"text\/css\" data-created_by=\"avia_inline_auto\" id=\"style-css-av-7ldxu-5b902e4da0105b0762d4009fab45e59c\">\n.flex_column.av-7ldxu-5b902e4da0105b0762d4009fab45e59c{\nborder-radius:0px 0px 0px 0px;\npadding:0px 0px 0px 0px;\n}\n<\/style>\n<div  class='flex_column av-7ldxu-5b902e4da0105b0762d4009fab45e59c av_one_full  avia-builder-el-16  el_after_av_three_fifth  avia-builder-el-last  first flex_column_div av-zero-column-padding  '     ><p>\n<style type=\"text\/css\" data-created_by=\"avia_inline_auto\" id=\"style-css-av-ki66s0eh-aa202f6d2c26d887e021e5445fe64e62\">\n.avia-image-container.av-ki66s0eh-aa202f6d2c26d887e021e5445fe64e62 img.avia_image{\nbox-shadow:none;\n}\n.avia-image-container.av-ki66s0eh-aa202f6d2c26d887e021e5445fe64e62 .av-image-caption-overlay-center{\ncolor:#ffffff;\n}\n<\/style>\n<div  class='avia-image-container av-ki66s0eh-aa202f6d2c26d887e021e5445fe64e62 av-styling- avia_animated_image av-animated-when-visible-95 av-rotateIn avia-align-center  avia-builder-el-17  el_before_av_hr  avia-builder-el-first '   itemprop=\"image\" itemscope=\"itemscope\" itemtype=\"https:\/\/schema.org\/ImageObject\" ><div class=\"avia-image-container-inner\"><div class=\"avia-image-overlay-wrap\"><img decoding=\"async\" fetchpriority=\"high\" class='wp-image-160 avia-img-lazy-loading-not-160 avia_image ' src=\"https:\/\/tobypolarpig.com\/wp-content\/uploads\/2020\/12\/STORY-END.png\" alt='' title='STORY-END'  height=\"250\" width=\"221\"  itemprop=\"thumbnailUrl\"  \/><\/div><\/div><\/div><br \/>\n\n<style type=\"text\/css\" data-created_by=\"avia_inline_auto\" id=\"style-css-av-ki67jeg5-7c362cffc73464bbbec55243b64d05b9\">\n#top .hr.hr-invisible.av-ki67jeg5-7c362cffc73464bbbec55243b64d05b9{\nheight:40px;\n}\n<\/style>\n<div  class='hr av-ki67jeg5-7c362cffc73464bbbec55243b64d05b9 hr-invisible  avia-builder-el-18  el_after_av_image  avia-builder-el-last '><span class='hr-inner '><span class=\"hr-inner-style\"><\/span><\/span><\/div><\/p><\/div><\/p>\n","protected":false},"excerpt":{"rendered":"","protected":false},"author":1,"featured_media":0,"parent":506,"menu_order":0,"comment_status":"closed","ping_status":"closed","template":"","meta":{"footnotes":""},"class_list":["post-529","page","type-page","status-publish","hentry"],"_links":{"self":[{"href":"https:\/\/tobypolarpig.com\/es\/wp-json\/wp\/v2\/pages\/529","targetHints":{"allow":["GET"]}}],"collection":[{"href":"https:\/\/tobypolarpig.com\/es\/wp-json\/wp\/v2\/pages"}],"about":[{"href":"https:\/\/tobypolarpig.com\/es\/wp-json\/wp\/v2\/types\/page"}],"author":[{"embeddable":true,"href":"https:\/\/tobypolarpig.com\/es\/wp-json\/wp\/v2\/users\/1"}],"replies":[{"embeddable":true,"href":"https:\/\/tobypolarpig.com\/es\/wp-json\/wp\/v2\/comments?post=529"}],"version-history":[{"count":5,"href":"https:\/\/tobypolarpig.com\/es\/wp-json\/wp\/v2\/pages\/529\/revisions"}],"predecessor-version":[{"id":783,"href":"https:\/\/tobypolarpig.com\/es\/wp-json\/wp\/v2\/pages\/529\/revisions\/783"}],"up":[{"embeddable":true,"href":"https:\/\/tobypolarpig.com\/es\/wp-json\/wp\/v2\/pages\/506"}],"wp:attachment":[{"href":"https:\/\/tobypolarpig.com\/es\/wp-json\/wp\/v2\/media?parent=529"}],"curies":[{"name":"wp","href":"https:\/\/api.w.org\/{rel}","templated":true}]}}