{"id":1028,"date":"2025-01-15T12:37:11","date_gmt":"2025-01-15T15:37:11","guid":{"rendered":"https:\/\/tobypolarpig.com\/product\/toby-the-polar-pig-20-000-leguas-bajo-el-mar-antartico\/"},"modified":"2025-01-15T12:37:11","modified_gmt":"2025-01-15T15:37:11","slug":"toby-the-polar-pig-20-000-leguas-bajo-el-mar-antartico","status":"publish","type":"product","link":"https:\/\/tobypolarpig.com\/es\/producto\/toby-the-polar-pig-20-000-leguas-bajo-el-mar-antartico\/","title":{"rendered":"Toby the Polar Pig: 20.000 leguas bajo el Mar Ant\u00e1rtico"},"content":{"rendered":"<p>La Ant\u00e1rtida es conocida por sus vastos paisajes helados y su belleza pr\u00edstina, pero lo que se esconde bajo la superficie de sus g\u00e9lidas aguas sigue siendo una maravilla oculta. Para Toby, descender a este mundo misterioso pronto ser\u00e1 una experiencia que nunca olvidar\u00e1&#8230;<\/p>\n","protected":false},"excerpt":{"rendered":"<p>P\u00e1ginas: 36<br \/>\nFormato: 23 x 23 cm<br \/>\nEdiciones:<\/p>\n<ul>\n<li>English 1ra \/ 2024 \/ 978-987-3723-37-7<\/li>\n<\/ul>\n<p>Libro infantil (recomendado para edades de 5 a 8 a\u00f1os).<br \/>\nIlustraciones de Eugenia Nobati.<\/p>\n","protected":false},"featured_media":1024,"template":"","meta":[],"product_brand":[],"product_cat":[19],"product_tag":[],"class_list":{"0":"post-1028","1":"product","2":"type-product","3":"status-publish","4":"has-post-thumbnail","6":"product_cat-sin-categorizar","8":"first","9":"instock","10":"shipping-taxable","11":"purchasable","12":"product-type-simple"},"_links":{"self":[{"href":"https:\/\/tobypolarpig.com\/es\/wp-json\/wp\/v2\/product\/1028","targetHints":{"allow":["GET"]}}],"collection":[{"href":"https:\/\/tobypolarpig.com\/es\/wp-json\/wp\/v2\/product"}],"about":[{"href":"https:\/\/tobypolarpig.com\/es\/wp-json\/wp\/v2\/types\/product"}],"wp:featuredmedia":[{"embeddable":true,"href":"https:\/\/tobypolarpig.com\/es\/wp-json\/wp\/v2\/media\/1024"}],"wp:attachment":[{"href":"https:\/\/tobypolarpig.com\/es\/wp-json\/wp\/v2\/media?parent=1028"}],"wp:term":[{"taxonomy":"product_brand","embeddable":true,"href":"https:\/\/tobypolarpig.com\/es\/wp-json\/wp\/v2\/product_brand?post=1028"},{"taxonomy":"product_cat","embeddable":true,"href":"https:\/\/tobypolarpig.com\/es\/wp-json\/wp\/v2\/product_cat?post=1028"},{"taxonomy":"product_tag","embeddable":true,"href":"https:\/\/tobypolarpig.com\/es\/wp-json\/wp\/v2\/product_tag?post=1028"}],"curies":[{"name":"wp","href":"https:\/\/api.w.org\/{rel}","templated":true}]}}