{"id":963,"date":"2023-03-20T13:08:48","date_gmt":"2023-03-20T16:08:48","guid":{"rendered":"https:\/\/tobypolarpig.com\/product\/toby-el-cerdo-polar-y-la-busqueda-del-huevo-de-pinguino\/"},"modified":"2023-03-20T13:08:48","modified_gmt":"2023-03-20T16:08:48","slug":"toby-el-cerdo-polar-y-la-busqueda-del-huevo-de-pinguino","status":"publish","type":"product","link":"https:\/\/tobypolarpig.com\/es\/producto\/toby-el-cerdo-polar-y-la-busqueda-del-huevo-de-pinguino\/","title":{"rendered":"Toby el cerdo polar y la b\u00fasqueda del huevo de ping\u00fcino"},"content":{"rendered":"<p>Toby y sus amigos Arthie y Antoine, los ping\u00fcinos Adelia, tienen un sue\u00f1o com\u00fan: descubrir si los ping\u00fcinos emperador realmente sostienen su \u00fanico huevo en sus pies.<\/p>\n","protected":false},"excerpt":{"rendered":"<p>P\u00e1ginas: 32<br \/>\nFormato: 23 x 23 cm<br \/>\nEdiciones:<\/p>\n<ul>\n<li>English 1ra \/ 2023 \/ 978-987-3723-33-9<\/li>\n<\/ul>\n<p>Libro infantil (recomendado para edades de 5 a 8 a\u00f1os).<br \/>\nIlustraciones de Eugenia Nobati.<\/p>\n","protected":false},"featured_media":964,"template":"","meta":[],"product_brand":[],"product_cat":[19],"product_tag":[],"class_list":{"0":"post-963","1":"product","2":"type-product","3":"status-publish","4":"has-post-thumbnail","6":"product_cat-sin-categorizar","8":"first","9":"instock","10":"shipping-taxable","11":"purchasable","12":"product-type-simple"},"_links":{"self":[{"href":"https:\/\/tobypolarpig.com\/es\/wp-json\/wp\/v2\/product\/963","targetHints":{"allow":["GET"]}}],"collection":[{"href":"https:\/\/tobypolarpig.com\/es\/wp-json\/wp\/v2\/product"}],"about":[{"href":"https:\/\/tobypolarpig.com\/es\/wp-json\/wp\/v2\/types\/product"}],"wp:featuredmedia":[{"embeddable":true,"href":"https:\/\/tobypolarpig.com\/es\/wp-json\/wp\/v2\/media\/964"}],"wp:attachment":[{"href":"https:\/\/tobypolarpig.com\/es\/wp-json\/wp\/v2\/media?parent=963"}],"wp:term":[{"taxonomy":"product_brand","embeddable":true,"href":"https:\/\/tobypolarpig.com\/es\/wp-json\/wp\/v2\/product_brand?post=963"},{"taxonomy":"product_cat","embeddable":true,"href":"https:\/\/tobypolarpig.com\/es\/wp-json\/wp\/v2\/product_cat?post=963"},{"taxonomy":"product_tag","embeddable":true,"href":"https:\/\/tobypolarpig.com\/es\/wp-json\/wp\/v2\/product_tag?post=963"}],"curies":[{"name":"wp","href":"https:\/\/api.w.org\/{rel}","templated":true}]}}